{"id":1580,"date":"2025-11-03T13:54:24","date_gmt":"2025-11-03T12:54:24","guid":{"rendered":"http:\/\/byblokhus.com\/?page_id=1580"},"modified":"2025-11-03T14:10:05","modified_gmt":"2025-11-03T13:10:05","slug":"refundering_returvarer","status":"publish","type":"page","link":"https:\/\/byblokhus.com\/?page_id=1580","title":{"rendered":"Retur?"},"content":{"rendered":"<p>N\u00e5r du handler t\u00f8j online, har du som forbruger normalt <strong style=\"font-size: 15px;\" data-start=\"291\" data-end=\"319\">14 dages fortrydelsesret<\/strong> i henhold til forbrugeraftaleloven. Det betyder, at du har ret til at fortryde dit k\u00f8b uden at angive en grund inden for 14 dage efter, du har modtaget varen.<\/p>\n<h4 data-start=\"480\" data-end=\"516\"><strong data-start=\"485\" data-end=\"516\">S\u00e5dan returnerer du en vare<\/strong><\/h4>\n<ul data-start=\"517\" data-end=\"922\">\n<li data-start=\"517\" data-end=\"595\">\n<p data-start=\"519\" data-end=\"595\">Du skal give besked til os inden for 14 dage fra den dag, du modtog varen.<\/p>\n<\/li>\n<li data-start=\"596\" data-end=\"660\">\n<p data-start=\"598\" data-end=\"660\">Herefter har du yderligere 14 dage til at sende varen retur.<\/p>\n<\/li>\n<li data-start=\"661\" data-end=\"837\">\n<p data-start=\"663\" data-end=\"837\">Varen skal returneres i <strong data-start=\"687\" data-end=\"712\">samme stand og m\u00e6ngde<\/strong>, som du modtog den. Det betyder, at t\u00f8jet skal v\u00e6re <strong data-start=\"765\" data-end=\"826\">ubrugt, uvasket og med alle originale m\u00e6rker og etiketter<\/strong> intakte.<\/p>\n<\/li>\n<li data-start=\"838\" data-end=\"922\">\n<p data-start=\"840\" data-end=\"922\">Du er ansvarlig for, at varen bliver pakket forsvarligt ind under returneringen.<\/p>\n<\/li>\n<\/ul>\n<h4 data-start=\"924\" data-end=\"943\"><strong data-start=\"929\" data-end=\"943\">Porto\/fragt<\/strong><\/h4>\n<ul data-start=\"944\" data-end=\"1104\">\n<li data-start=\"944\" data-end=\"1019\">\n<p data-start=\"946\" data-end=\"1019\">Medmindre andet er angivet, betaler du som kunde selv for porto\/fragt.<\/p>\n<\/li>\n<\/ul>\n<h4 data-start=\"1106\" data-end=\"1130\"><strong data-start=\"1111\" data-end=\"1130\">Tilbagebetaling<\/strong><\/h4>\n<ul data-start=\"1131\" data-end=\"1394\">\n<li data-start=\"1131\" data-end=\"1288\">\n<p data-start=\"1133\" data-end=\"1288\">N\u00e5r vi har modtaget din e-mail og vi har godkendt din returnering samt modtaget varen i hendhold til n\u00e6vnte regler, refunderer vi det fulde bel\u00f8b. Det kan tage flere arbejdsdage f\u00f8r bel\u00f8bet vises p\u00e5 din konto.<\/p>\n<\/li>\n<li data-start=\"1289\" data-end=\"1394\">\n<p data-start=\"1291\" data-end=\"1394\">Bel\u00f8bet tilbagebetales via samme betalingsmiddel, som du brugte ved k\u00f8bet, medmindre andet er aftalt.<\/p>\n<\/li>\n<li data-start=\"1289\" data-end=\"1394\">\n<p data-start=\"1291\" data-end=\"1394\">Vores tilbagebetaling\/retur politik g\u00e6lder i 30 dage. Efter 30 dage kan vi ikke tilbyde tilbagebetaling eller ombytning.<\/p>\n<\/li>\n<\/ul>\n<h4 data-start=\"1396\" data-end=\"1414\"><strong data-start=\"1401\" data-end=\"1414\">Ombytning\/fortrydelse<\/strong><\/h4>\n<p data-start=\"1415\" data-end=\"1551\">\u00d8nsker du en anden st\u00f8rrelse eller farve, bedes du returnere varen som beskrevet nedenfor og derefter afgive en ny ordre p\u00e5 webshoppen.<\/p>\n<p data-start=\"1415\" data-end=\"1551\">Vi acceptere ikke retur af undert\u00f8j.<\/p>\n<p data-start=\"1415\" data-end=\"1551\">\u00a0<\/p>\n<h4>Returnering af vare.<\/h4>\n<p>F\u00f8r returnering af vare\u00a0 skal du sende os en e-mail. Herefter modtager du e-bekreftelse af returingen og derefter sender du varen til:<\/p>\n<p>Blokhus Design,<\/p>\n<p>Ludvigsvej 16.<\/p>\n<p>9492 Blokhus.Danmark.<\/p>\n<p>Kunde betaler selv retur omkostninger. Fragt omkostninger refunderes ikke. Modtager kunden refundering vil eventuelle fragtomkostning fratr\u00e6kkes. Kunden s\u00f8rger selv for forsikring af forsendelse.<\/p>\n<p>Straks din retur er modtaget sender vi dig en e-mail for modtagelsen. Vi vil her oplyse om accept\/afvisning af returen. Ved accept vil vi refundere dit bel\u00f8b.<\/p>\n<h4 data-start=\"1396\" data-end=\"1414\"><strong data-start=\"1401\" data-end=\"1414\">Sen\/manglende retur udbetaling<\/strong><\/h4>\n<ul>\n<li data-start=\"1415\" data-end=\"1551\">Tjek din bank konto igen.<\/li>\n<li data-start=\"1415\" data-end=\"1551\">Kontakt din kortudbyder.<\/li>\n<li data-start=\"1415\" data-end=\"1551\">Kontakt din bank.<\/li>\n<li data-start=\"1415\" data-end=\"1551\">Er ovenst\u00e5ende udf\u00f8rt kontakt os: blokhusinfo@gmail.com<\/li>\n<\/ul>\n<p><!-- \/wp:post-content --><!-- wp:paragraph --><\/p>\n<h4>Udsalgs varer<\/h4>\n<p>Fortrydelsesretten g\u00e6lder naturligvis ogs\u00e5 for varer k\u00f8bt p\u00e5 udsalg, s\u00e5 l\u00e6nge varen returneres i original ubrugt stand og med m\u00e6rkerne intakte.<\/p>\n<h4>Ombytning til andre vare?<\/h4>\n<p>Ombytning til andre varer g\u00e6lder kun\u00a0 n\u00e5r varen er defekt\/\u00f8delgt\/mangler, og kun if\u00f8lge med aftale.<\/p>\n<p>\u00a0<\/p>\n<h4>Behov for hj\u00e6lp?<\/h4>\n<p>Kontakt os:<\/p>\n<p>blokhusinfo@gmail.com<\/p>\n<p><!-- \/wp:paragraph --><!-- wp:paragraph --><\/p>\n<p><!-- \/wp:paragraph --><!-- wp:paragraph --><\/p>\n<p><!-- \/wp:paragraph --><!-- wp:paragraph --><\/p>\n<p><!-- \/wp:paragraph --><!-- wp:paragraph --><\/p>\n<p><!-- \/wp:paragraph --><\/p>","protected":false},"excerpt":{"rendered":"<p>N\u00e5r du handler t\u00f8j online, har du som forbruger normalt 14 dages fortrydelsesret i henhold til forbrugeraftaleloven. Det betyder, at du har ret til at fortryde dit k\u00f8b uden at angive en grund inden for 14 dage efter, du har modtaget varen. S\u00e5dan returnerer du en vare Du skal give besked til os inden for [&hellip;]<\/p>\n","protected":false},"author":1,"featured_media":0,"parent":0,"menu_order":0,"comment_status":"closed","ping_status":"closed","template":"","meta":{"site-sidebar-layout":"default","site-content-layout":"","ast-site-content-layout":"default","site-content-style":"default","site-sidebar-style":"default","ast-global-header-display":"","ast-banner-title-visibility":"","ast-main-header-display":"","ast-hfb-above-header-display":"","ast-hfb-below-header-display":"","ast-hfb-mobile-header-display":"","site-post-title":"","ast-breadcrumbs-content":"","ast-featured-img":"","footer-sml-layout":"","ast-disable-related-posts":"","theme-transparent-header-meta":"","adv-header-id-meta":"","stick-header-meta":"","header-above-stick-meta":"","header-main-stick-meta":"","header-below-stick-meta":"","astra-migrate-meta-layouts":"set","ast-page-background-enabled":"default","ast-page-background-meta":{"desktop":{"background-color":"","background-image":"","background-repeat":"repeat","background-position":"center center","background-size":"auto","background-attachment":"scroll","background-type":"","background-media":"","overlay-type":"","overlay-color":"","overlay-opacity":"","overlay-gradient":""},"tablet":{"background-color":"","background-image":"","background-repeat":"repeat","background-position":"center center","background-size":"auto","background-attachment":"scroll","background-type":"","background-media":"","overlay-type":"","overlay-color":"","overlay-opacity":"","overlay-gradient":""},"mobile":{"background-color":"","background-image":"","background-repeat":"repeat","background-position":"center center","background-size":"auto","background-attachment":"scroll","background-type":"","background-media":"","overlay-type":"","overlay-color":"","overlay-opacity":"","overlay-gradient":""}},"ast-content-background-meta":{"desktop":{"background-color":"var(--ast-global-color-5)","background-image":"","background-repeat":"repeat","background-position":"center center","background-size":"auto","background-attachment":"scroll","background-type":"","background-media":"","overlay-type":"","overlay-color":"","overlay-opacity":"","overlay-gradient":""},"tablet":{"background-color":"var(--ast-global-color-5)","background-image":"","background-repeat":"repeat","background-position":"center center","background-size":"auto","background-attachment":"scroll","background-type":"","background-media":"","overlay-type":"","overlay-color":"","overlay-opacity":"","overlay-gradient":""},"mobile":{"background-color":"var(--ast-global-color-5)","background-image":"","background-repeat":"repeat","background-position":"center center","background-size":"auto","background-attachment":"scroll","background-type":"","background-media":"","overlay-type":"","overlay-color":"","overlay-opacity":"","overlay-gradient":""}},"footnotes":""},"class_list":["post-1580","page","type-page","status-publish","hentry"],"jetpack_sharing_enabled":true,"_links":{"self":[{"href":"https:\/\/byblokhus.com\/index.php?rest_route=\/wp\/v2\/pages\/1580","targetHints":{"allow":["GET"]}}],"collection":[{"href":"https:\/\/byblokhus.com\/index.php?rest_route=\/wp\/v2\/pages"}],"about":[{"href":"https:\/\/byblokhus.com\/index.php?rest_route=\/wp\/v2\/types\/page"}],"author":[{"embeddable":true,"href":"https:\/\/byblokhus.com\/index.php?rest_route=\/wp\/v2\/users\/1"}],"replies":[{"embeddable":true,"href":"https:\/\/byblokhus.com\/index.php?rest_route=%2Fwp%2Fv2%2Fcomments&post=1580"}],"version-history":[{"count":4,"href":"https:\/\/byblokhus.com\/index.php?rest_route=\/wp\/v2\/pages\/1580\/revisions"}],"predecessor-version":[{"id":2387,"href":"https:\/\/byblokhus.com\/index.php?rest_route=\/wp\/v2\/pages\/1580\/revisions\/2387"}],"wp:attachment":[{"href":"https:\/\/byblokhus.com\/index.php?rest_route=%2Fwp%2Fv2%2Fmedia&parent=1580"}],"curies":[{"name":"wp","href":"https:\/\/api.w.org\/{rel}","templated":true}]}}