{"id":41,"date":"2017-12-17T10:02:12","date_gmt":"2017-12-17T09:02:12","guid":{"rendered":"http:\/\/byblokhus.com\/?page_id=41"},"modified":"2021-06-01T23:03:55","modified_gmt":"2021-06-01T22:03:55","slug":"min-konto","status":"publish","type":"page","link":"https:\/\/byblokhus.com\/?page_id=41","title":{"rendered":"Min Konto"},"content":{"rendered":"\t\t<div data-elementor-type=\"wp-post\" data-elementor-id=\"41\" class=\"elementor elementor-41\">\n\t\t\t\t\t\t<section class=\"elementor-section elementor-top-section elementor-element elementor-element-0e916b3 elementor-section-boxed elementor-section-height-default elementor-section-height-default\" data-id=\"0e916b3\" data-element_type=\"section\" data-e-type=\"section\" data-settings=\"{&quot;background_background&quot;:&quot;classic&quot;}\">\n\t\t\t\t\t\t\t<div class=\"elementor-background-overlay\"><\/div>\n\t\t\t\t\t\t\t<div class=\"elementor-container elementor-column-gap-default\">\n\t\t\t\t\t<div class=\"elementor-column elementor-col-100 elementor-top-column elementor-element elementor-element-8e0ee3d\" data-id=\"8e0ee3d\" data-element_type=\"column\" data-e-type=\"column\">\n\t\t\t<div class=\"elementor-widget-wrap elementor-element-populated\">\n\t\t\t\t\t\t<div class=\"elementor-element elementor-element-5f25524 elementor-widget elementor-widget-heading\" data-id=\"5f25524\" data-element_type=\"widget\" data-e-type=\"widget\" data-widget_type=\"heading.default\">\n\t\t\t\t<div class=\"elementor-widget-container\">\n\t\t\t\t\t<h1 class=\"elementor-heading-title elementor-size-default\">Min konto<\/h1>\t\t\t\t<\/div>\n\t\t\t\t<\/div>\n\t\t\t\t<div class=\"elementor-element elementor-element-c66cc7d elementor-widget-divider--view-line elementor-widget elementor-widget-divider\" data-id=\"c66cc7d\" data-element_type=\"widget\" data-e-type=\"widget\" data-widget_type=\"divider.default\">\n\t\t\t\t<div class=\"elementor-widget-container\">\n\t\t\t\t\t\t\t<div class=\"elementor-divider\">\n\t\t\t<span class=\"elementor-divider-separator\">\n\t\t\t\t\t\t<\/span>\n\t\t<\/div>\n\t\t\t\t\t\t<\/div>\n\t\t\t\t<\/div>\n\t\t\t\t<div class=\"elementor-element elementor-element-80c053c elementor-widget elementor-widget-text-editor\" data-id=\"80c053c\" data-element_type=\"widget\" data-e-type=\"widget\" data-widget_type=\"text-editor.default\">\n\t\t\t\t<div class=\"elementor-widget-container\">\n\t\t\t\t\t\t\t\t\t<p>Hold dig orienteret<\/p>\t\t\t\t\t\t\t\t<\/div>\n\t\t\t\t<\/div>\n\t\t\t\t\t<\/div>\n\t\t<\/div>\n\t\t\t\t\t<\/div>\n\t\t<\/section>\n\t\t\t\t<section class=\"elementor-section elementor-top-section elementor-element elementor-element-79db6ca5 elementor-section-boxed elementor-section-height-default elementor-section-height-default\" data-id=\"79db6ca5\" data-element_type=\"section\" data-e-type=\"section\" data-settings=\"{&quot;background_background&quot;:&quot;classic&quot;}\">\n\t\t\t\t\t\t<div class=\"elementor-container elementor-column-gap-default\">\n\t\t\t\t\t<div class=\"elementor-column elementor-col-100 elementor-top-column elementor-element elementor-element-2255fc82\" data-id=\"2255fc82\" data-element_type=\"column\" data-e-type=\"column\">\n\t\t\t<div class=\"elementor-widget-wrap elementor-element-populated\">\n\t\t\t\t\t\t<div class=\"elementor-element elementor-element-59588293 elementor-widget elementor-widget-shortcode\" data-id=\"59588293\" data-element_type=\"widget\" data-e-type=\"widget\" data-widget_type=\"shortcode.default\">\n\t\t\t\t<div class=\"elementor-widget-container\">\n\t\t\t\t\t\t\t<div class=\"elementor-shortcode\"><div class=\"woocommerce\"><div class=\"woocommerce-notices-wrapper\"><\/div>\n\n<div class=\"u-columns col2-set\" id=\"customer_login\">\n\n\t<div class=\"u-column1 col-1\">\n\n\n\t\t<h2>Log ind<\/h2>\n\n\t\t<form class=\"woocommerce-form woocommerce-form-login login\" method=\"post\" novalidate>\n\n\t\t\t\n\t\t\t<p class=\"woocommerce-form-row woocommerce-form-row--wide form-row form-row-wide\">\n\t\t\t\t<label for=\"username\">Brugernavn eller e-mailadresse&nbsp;<span class=\"required\" aria-hidden=\"true\">*<\/span><span class=\"screen-reader-text\">P\u00e5kr\u00e6vet<\/span><\/label>\n\t\t\t\t<input type=\"text\" class=\"woocommerce-Input woocommerce-Input--text input-text\" name=\"username\" id=\"username\" autocomplete=\"username\" value=\"\" required aria-required=\"true\" \/>\t\t\t<\/p>\n\t\t\t<p class=\"woocommerce-form-row woocommerce-form-row--wide form-row form-row-wide\">\n\t\t\t\t<label for=\"password\">Adgangskode&nbsp;<span class=\"required\" aria-hidden=\"true\">*<\/span><span class=\"screen-reader-text\">P\u00e5kr\u00e6vet<\/span><\/label>\n\t\t\t\t<input class=\"woocommerce-Input woocommerce-Input--text input-text\" type=\"password\" name=\"password\" id=\"password\" autocomplete=\"current-password\" required aria-required=\"true\" \/>\n\t\t\t<\/p>\n\n\t\t\t\n\t\t\t<p class=\"form-row\">\n\t\t\t\t<label class=\"woocommerce-form__label woocommerce-form__label-for-checkbox woocommerce-form-login__rememberme\">\n\t\t\t\t\t<input class=\"woocommerce-form__input woocommerce-form__input-checkbox\" name=\"rememberme\" type=\"checkbox\" id=\"rememberme\" value=\"forever\" \/> <span>Husk mig<\/span>\n\t\t\t\t<\/label>\n\t\t\t\t<input type=\"hidden\" id=\"woocommerce-login-nonce\" name=\"woocommerce-login-nonce\" value=\"74c88fe0db\" \/><input type=\"hidden\" name=\"_wp_http_referer\" value=\"\/index.php?rest_route=%2Fwp%2Fv2%2Fpages%2F41\" \/>\t\t\t\t<button type=\"submit\" class=\"woocommerce-button button woocommerce-form-login__submit\" name=\"login\" value=\"Log ind\">Log ind<\/button>\n\t\t\t<\/p>\n\t\t\t<p class=\"woocommerce-LostPassword lost_password\">\n\t\t\t\t<a href=\"https:\/\/byblokhus.com\/?page_id=41&#038;lost-password\">Mistet din adgangskode?<\/a>\n\t\t\t<\/p>\n\n\t\t\t\n\t\t<\/form>\n\n\n\t<\/div>\n\n\t<div class=\"u-column2 col-2\">\n\n\t\t<h2>Opret en kundekonto<\/h2>\n\n\t\t<form method=\"post\" class=\"woocommerce-form woocommerce-form-register register\"  >\n\n\t\t\t\n\t\t\t\n\t\t\t<p class=\"woocommerce-form-row woocommerce-form-row--wide form-row form-row-wide\">\n\t\t\t\t<label for=\"reg_email\">E-mailadresse&nbsp;<span class=\"required\" aria-hidden=\"true\">*<\/span><span class=\"screen-reader-text\">P\u00e5kr\u00e6vet<\/span><\/label>\n\t\t\t\t<input type=\"email\" class=\"woocommerce-Input woocommerce-Input--text input-text\" name=\"email\" id=\"reg_email\" autocomplete=\"email\" value=\"\" required aria-required=\"true\" \/>\t\t\t<\/p>\n\n\t\t\t\n\t\t\t\t<p>Et link til en side, hvor du kan oprette en ny adgangskode, vil blive sendt til din e-mailadresse.<\/p>\n\n\t\t\t\n\t\t\t<p class=\"form-row form-row-wide mailchimp-newsletter\"><label for=\"mailchimp_woocommerce_newsletter\" class=\"woocommerce-form__label woocommerce-form__label-for-checkbox inline\"><input class=\"woocommerce-form__input woocommerce-form__input-checkbox input-checkbox\" id=\"mailchimp_woocommerce_newsletter\" type=\"checkbox\" name=\"mailchimp_woocommerce_newsletter\" value=\"1\" checked=\"checked\"> <span>Subscribe to our newsletter<\/span><\/label><\/p><div class=\"clear\"><\/div><wc-order-attribution-inputs><\/wc-order-attribution-inputs><div class=\"woocommerce-privacy-policy-text\"><p>Blokhus Design Aps - Persondatapolitik<\/p>\n<p>Senest opdateret: 20.10.2023<\/p>\n<p>1. Indledning<\/p>\n<p>Velkommen til Blokhus Design Aps persondatapolitik. I denne politik forklarer vi, hvordan vi indsamler, bruger og beskytter dine personlige oplysninger, n\u00e5r du bes\u00f8ger vores webshop.<\/p>\n<p>2. Dataansvarlig<\/p>\n<p>Blokhus Design Aps<br \/>\nLudvigsvej 16, 9492 Blokhus, Denmark<br \/>\nDK-41778024<br \/>\nmail: blokhusinfo@gmail.com<\/p>\n<p>3. Hvad er personoplysninger?<\/p>\n<p>Personoplysninger omfatter enhver information, der kan bruges til at identificere dig som enkeltperson. Dette kan inkludere navn, adresse, e-mailadresse, telefonnummer, IP-adresse og andre identifikationsoplysninger.<\/p>\n<p>4. Form\u00e5l med indsamling og behandling af personoplysninger<\/p>\n<p>Vi indsamler og behandler personoplysninger for f\u00f8lgende form\u00e5l:<\/p>\n<p>At kunne levere de produkter eller tjenester, du har bestilt.<br \/>\nAt kunne behandle din ordre og fakturere dig.<br \/>\nAt kunne give dig opdateringer og information om dine bestillinger.<br \/>\nAt kunne kontakte dig i tilf\u00e6lde af sp\u00f8rgsm\u00e5l eller problemer vedr\u00f8rende dine bestillinger.<br \/>\nAt kunne administrere og forbedre vores webshop og tjenester.<br \/>\nAt kunne opfylde vores juridiske forpligtelser, herunder rapportering til myndighederne.<br \/>\n5. Typer af personoplysninger, vi indsamler<\/p>\n<p>Vi indsamler typisk f\u00f8lgende typer af personoplysninger:<\/p>\n<p>Navn<br \/>\nAdresse<br \/>\nE-mailadresse<br \/>\nTelefonnummer<br \/>\nBetalingsoplysninger (kreditkort, bankoplysninger)<br \/>\nIP-adresse<br \/>\nBrowsertyper og enhedsoplysninger<br \/>\nGeografisk placering<br \/>\n6. Lovlig grundlag for behandling<\/p>\n<p>Vi behandler dine personoplysninger p\u00e5 f\u00f8lgende lovlige grundlag:<\/p>\n<p>Erf\u00fcllung eines Vertrags: Behandling af personoplysninger er n\u00f8dvendig for at opfylde vores kontraktlige forpligtelser over for dig, s\u00e5som levering af produkter eller tjenester, du har bestilt.<\/p>\n<p>Samtykke: Hvor det er relevant, vil vi indhente dit samtykke til behandling af dine personoplysninger.<\/p>\n<p>7. Deling af personoplysninger<\/p>\n<p>Vi deler kun dine personoplysninger med tredjeparter, n\u00e5r det er n\u00f8dvendigt for at opfylde de form\u00e5l, der er beskrevet i punkt 4. Dette kan omfatte:<\/p>\n<p>Betalingsudbydere<br \/>\nForsendelsespartnere<br \/>\nIT-serviceudbydere<br \/>\nReguleringsmyndigheder<br \/>\n8. Sikkerhed<\/p>\n<p>Vi har implementeret passende tekniske og organisatoriske foranstaltninger for at beskytte dine personoplysninger mod uautoriseret adgang, tab, misbrug eller \u00e6ndring.<\/p>\n<p>9. Opbevaring af personoplysninger<\/p>\n<p>Vi opbevarer dine personoplysninger kun s\u00e5 l\u00e6nge det er n\u00f8dvendigt for at opfylde de form\u00e5l, der er beskrevet i punkt 4, medmindre en l\u00e6ngere opbevaringsperiode kr\u00e6ves eller tilladt ved lov.<\/p>\n<p>10. Dine rettigheder<\/p>\n<p>Du har visse rettigheder med hensyn til dine personoplysninger, herunder retten til at anmode om adgang til, rettelse, sletning eller begr\u00e6nsning af behandlingen af dine oplysninger. Du har ogs\u00e5 ret til at tr\u00e6kke dit samtykke tilbage, hvis behandlingen baseres p\u00e5 samtykke.<\/p>\n<p>11. Kontakt os<\/p>\n<p>Hvis du har sp\u00f8rgsm\u00e5l eller bekymringer vedr\u00f8rende vores behandling af dine personoplysninger eller \u00f8nsker at ud\u00f8ve dine rettigheder, bedes du kontakte os p\u00e5 [kontaktinformation].<\/p>\n<p>12. \u00c6ndringer til denne politik<\/p>\n<p>Vi forbeholder os retten til at \u00e6ndre denne persondatapolitik. Opdateringer vil blive offentliggjort p\u00e5 vores webshop.<\/p>\n<\/div>\n\t\t\t<p class=\"woocommerce-form-row form-row\">\n\t\t\t\t<input type=\"hidden\" id=\"woocommerce-register-nonce\" name=\"woocommerce-register-nonce\" value=\"ebaf29fa37\" \/><input type=\"hidden\" name=\"_wp_http_referer\" value=\"\/index.php?rest_route=%2Fwp%2Fv2%2Fpages%2F41\" \/>\t\t\t\t<button type=\"submit\" class=\"woocommerce-Button woocommerce-button button woocommerce-form-register__submit\" name=\"register\" value=\"Opret en kundekonto\">Opret en kundekonto<\/button>\n\t\t\t<\/p>\n\n\t\t\t\n\t\t<\/form>\n\n\t<\/div>\n\n<\/div>\n\n<\/div><\/div>\n\t\t\t\t\t\t<\/div>\n\t\t\t\t<\/div>\n\t\t\t\t\t<\/div>\n\t\t<\/div>\n\t\t\t\t\t<\/div>\n\t\t<\/section>\n\t\t\t\t<\/div>\n\t\t","protected":false},"excerpt":{"rendered":"<p>Min konto Hold dig orienteret<\/p>\n","protected":false},"author":1,"featured_media":0,"parent":0,"menu_order":0,"comment_status":"closed","ping_status":"closed","template":"","meta":{"site-sidebar-layout":"no-sidebar","site-content-layout":"page-builder","ast-site-content-layout":"default","site-content-style":"default","site-sidebar-style":"default","ast-global-header-display":"","ast-banner-title-visibility":"","ast-main-header-display":"","ast-hfb-above-header-display":"","ast-hfb-below-header-display":"","ast-hfb-mobile-header-display":"","site-post-title":"disabled","ast-breadcrumbs-content":"","ast-featured-img":"disabled","footer-sml-layout":"","ast-disable-related-posts":"","theme-transparent-header-meta":"default","adv-header-id-meta":"","stick-header-meta":"","header-above-stick-meta":"","header-main-stick-meta":"","header-below-stick-meta":"","astra-migrate-meta-layouts":"default","ast-page-background-enabled":"default","ast-page-background-meta":{"desktop":{"background-color":"","background-image":"","background-repeat":"repeat","background-position":"center center","background-size":"auto","background-attachment":"scroll","background-type":"","background-media":"","overlay-type":"","overlay-color":"","overlay-opacity":"","overlay-gradient":""},"tablet":{"background-color":"","background-image":"","background-repeat":"repeat","background-position":"center center","background-size":"auto","background-attachment":"scroll","background-type":"","background-media":"","overlay-type":"","overlay-color":"","overlay-opacity":"","overlay-gradient":""},"mobile":{"background-color":"","background-image":"","background-repeat":"repeat","background-position":"center center","background-size":"auto","background-attachment":"scroll","background-type":"","background-media":"","overlay-type":"","overlay-color":"","overlay-opacity":"","overlay-gradient":""}},"ast-content-background-meta":{"desktop":{"background-color":"var(--ast-global-color-5)","background-image":"","background-repeat":"repeat","background-position":"center center","background-size":"auto","background-attachment":"scroll","background-type":"","background-media":"","overlay-type":"","overlay-color":"","overlay-opacity":"","overlay-gradient":""},"tablet":{"background-color":"var(--ast-global-color-5)","background-image":"","background-repeat":"repeat","background-position":"center center","background-size":"auto","background-attachment":"scroll","background-type":"","background-media":"","overlay-type":"","overlay-color":"","overlay-opacity":"","overlay-gradient":""},"mobile":{"background-color":"var(--ast-global-color-5)","background-image":"","background-repeat":"repeat","background-position":"center center","background-size":"auto","background-attachment":"scroll","background-type":"","background-media":"","overlay-type":"","overlay-color":"","overlay-opacity":"","overlay-gradient":""}},"footnotes":""},"class_list":["post-41","page","type-page","status-publish","hentry"],"jetpack_sharing_enabled":true,"_links":{"self":[{"href":"https:\/\/byblokhus.com\/index.php?rest_route=\/wp\/v2\/pages\/41","targetHints":{"allow":["GET"]}}],"collection":[{"href":"https:\/\/byblokhus.com\/index.php?rest_route=\/wp\/v2\/pages"}],"about":[{"href":"https:\/\/byblokhus.com\/index.php?rest_route=\/wp\/v2\/types\/page"}],"author":[{"embeddable":true,"href":"https:\/\/byblokhus.com\/index.php?rest_route=\/wp\/v2\/users\/1"}],"replies":[{"embeddable":true,"href":"https:\/\/byblokhus.com\/index.php?rest_route=%2Fwp%2Fv2%2Fcomments&post=41"}],"version-history":[{"count":8,"href":"https:\/\/byblokhus.com\/index.php?rest_route=\/wp\/v2\/pages\/41\/revisions"}],"predecessor-version":[{"id":1549,"href":"https:\/\/byblokhus.com\/index.php?rest_route=\/wp\/v2\/pages\/41\/revisions\/1549"}],"wp:attachment":[{"href":"https:\/\/byblokhus.com\/index.php?rest_route=%2Fwp%2Fv2%2Fmedia&parent=41"}],"curies":[{"name":"wp","href":"https:\/\/api.w.org\/{rel}","templated":true}]}}