{"id":414,"date":"2017-12-21T09:00:47","date_gmt":"2017-12-21T08:00:47","guid":{"rendered":"http:\/\/byblokhus.com\/?page_id=414"},"modified":"2026-04-04T12:54:27","modified_gmt":"2026-04-04T11:54:27","slug":"kontakt-os","status":"publish","type":"page","link":"https:\/\/byblokhus.com\/?page_id=414","title":{"rendered":"Kontakt Os"},"content":{"rendered":"\t\t<div data-elementor-type=\"wp-post\" data-elementor-id=\"414\" class=\"elementor elementor-414\">\n\t\t\t\t\t\t<section class=\"elementor-section elementor-top-section elementor-element elementor-element-43aeb0f5 elementor-section-full_width elementor-section-height-min-height elementor-section-height-default elementor-section-items-middle\" data-id=\"43aeb0f5\" data-element_type=\"section\" data-e-type=\"section\">\n\t\t\t\t\t\t<div class=\"elementor-container elementor-column-gap-default\">\n\t\t\t\t\t<div class=\"elementor-column elementor-col-100 elementor-top-column elementor-element elementor-element-836b393\" data-id=\"836b393\" data-element_type=\"column\" data-e-type=\"column\">\n\t\t\t<div class=\"elementor-widget-wrap elementor-element-populated\">\n\t\t\t\t\t\t<div class=\"elementor-element elementor-element-79f7aa8 elementor-widget__width-initial elementor-widget-tablet__width-initial elementor-widget-mobile__width-initial elementor-widget elementor-widget-text-editor\" data-id=\"79f7aa8\" data-element_type=\"widget\" data-e-type=\"widget\" data-widget_type=\"text-editor.default\">\n\t\t\t\t<div class=\"elementor-widget-container\">\n\t\t\t\t\t\t\t\t\t<h1><br><\/h1><h1><span style=\"font-size: 4.4rem; font-weight: 700;\"><br><\/span><\/h1><h1><span style=\"font-size: 4.4rem; font-weight: 700;\">Kontakt Os<\/span><\/h1>\n<h3>Sp\u00f8rgsm\u00e5l, Kommentarer?<br>Skriv og vi lytter gerne!<\/h3>\n<p>Email: kontakt@byblokhus.com<\/p>\n<p>Butik: Strandvejen 5a, 9492 Blokhus.<\/p>\n<p>Mandag til Fredag 11.00-17.00,&nbsp; L\u00f8rdag 11.00 til 17.30 S\u00f8ndag 11.00-17.30<\/p>\n<p>PS: Vi har skiftende \u00e5bningstider i butikken, men du er altid hjertelig velkommen til at ringe.<\/p>\n<h4>Mobiltelefon:<\/h4>\n<h3>+45 299 3456 4<\/h3>\n<div class=\"wpforms-container \" id=\"wpforms-9\"><form id=\"wpforms-form-9\" class=\"wpforms-validate wpforms-form\" data-formid=\"9\" method=\"post\" enctype=\"multipart\/form-data\" action=\"\/index.php?rest_route=%2Fwp%2Fv2%2Fpages%2F414\" data-token=\"575eacb325e0ddf610cfe6a9edbdfe36\" data-token-time=\"1776302753\"><noscript class=\"wpforms-error-noscript\">Please enable JavaScript in your browser to complete this form.<\/noscript><div class=\"wpforms-field-container\"><div id=\"wpforms-9-field_0-container\" class=\"wpforms-field wpforms-field-name\" data-field-id=\"0\"><label class=\"wpforms-field-label wpforms-label-hide\" for=\"wpforms-9-field_0\">Navn: <span class=\"wpforms-required-label\">*<\/span><\/label><input type=\"text\" id=\"wpforms-9-field_0\" class=\"wpforms-field-large wpforms-field-required\" name=\"wpforms[fields][0]\" placeholder=\"Navn:\" required><\/div><div id=\"wpforms-9-field_5-container\" class=\"wpforms-field wpforms-field-text\" data-field-id=\"5\"><label class=\"wpforms-field-label wpforms-label-hide\" for=\"wpforms-9-field_5\">Mobil nummer: <span class=\"wpforms-required-label\">*<\/span><\/label><input type=\"text\" id=\"wpforms-9-field_5\" class=\"wpforms-field-large wpforms-field-required wpforms-limit-characters-enabled\" data-form-id=\"9\" data-field-id=\"5\" data-text-limit=\"11\" name=\"wpforms[fields][5]\" placeholder=\"Mobil nummer: \" maxlength=\"11\" required><\/div><div id=\"wpforms-9-field_4-container\" class=\"wpforms-field wpforms-field-email\" data-field-id=\"4\"><label class=\"wpforms-field-label wpforms-label-hide\" for=\"wpforms-9-field_4\">E-mail: <span class=\"wpforms-required-label\">*<\/span><\/label><input type=\"email\" id=\"wpforms-9-field_4\" class=\"wpforms-field-large wpforms-field-required\" name=\"wpforms[fields][4]\" placeholder=\"E-mail:\" spellcheck=\"false\" required><\/div><div id=\"wpforms-9-field_2-container\" class=\"wpforms-field wpforms-field-textarea\" data-field-id=\"2\"><label class=\"wpforms-field-label wpforms-label-hide\" for=\"wpforms-9-field_2\">Besked: <span class=\"wpforms-required-label\">*<\/span><\/label><textarea id=\"wpforms-9-field_2\" class=\"wpforms-field-large wpforms-field-required\" name=\"wpforms[fields][2]\" placeholder=\"Skriv en besked:\" required><\/textarea><\/div><\/div><!-- .wpforms-field-container --><div class=\"wpforms-field wpforms-field-hp\"><label for=\"wpforms-9-field-hp\" class=\"wpforms-field-label\">Email<\/label><input type=\"text\" name=\"wpforms[hp]\" id=\"wpforms-9-field-hp\" class=\"wpforms-field-medium\"><\/div><div class=\"wpforms-submit-container\" ><input type=\"hidden\" name=\"wpforms[id]\" value=\"9\"><input type=\"hidden\" name=\"page_title\" value=\"\"><input type=\"hidden\" name=\"page_url\" value=\"https:\/\/byblokhus.com\/index.php?rest_route=\/wp\/v2\/pages\/414\"><input type=\"hidden\" name=\"url_referer\" value=\"\"><button type=\"submit\" name=\"wpforms[submit]\" id=\"wpforms-submit-9\" class=\"wpforms-submit\" data-alt-text=\"Sender besked....\" data-submit-text=\"Send \" aria-live=\"assertive\" value=\"wpforms-submit\">Send <\/button><\/div><\/form><\/div>  <!-- .wpforms-container -->\n<figure><img decoding=\"async\" src=\"https:\/\/byblokhus.com\/wp-content\/uploads\/2018\/12\/globe-free-img.png\" sizes=\"(max-width: 120px) 100vw, 120px\" srcset=\"https:\/\/byblokhus.com\/wp-content\/uploads\/2018\/12\/globe-free-img.png 120w, https:\/\/byblokhus.com\/wp-content\/uploads\/2018\/12\/globe-free-img-100x100.png 100w\" alt=\"\" width=\"120\" height=\"120\"><\/figure>\n<h5>Worldwide Shipping<\/h5>\n<p>It elit tellus, luctus nec ullamcorper mattis, pulvinar dapibus leo.<\/p>\n<figure><img decoding=\"async\" src=\"https:\/\/byblokhus.com\/wp-content\/uploads\/2018\/12\/quality-free-img.png\" sizes=\"(max-width: 120px) 100vw, 120px\" srcset=\"https:\/\/byblokhus.com\/wp-content\/uploads\/2018\/12\/quality-free-img.png 120w, https:\/\/byblokhus.com\/wp-content\/uploads\/2018\/12\/quality-free-img-100x100.png 100w\" alt=\"\" width=\"120\" height=\"120\"><\/figure>\n<h5>God kvalitet<\/h5>\n<figure><img decoding=\"async\" src=\"https:\/\/byblokhus.com\/wp-content\/uploads\/2018\/12\/tag-free-img.png\" sizes=\"(max-width: 120px) 100vw, 120px\" srcset=\"https:\/\/byblokhus.com\/wp-content\/uploads\/2018\/12\/tag-free-img.png 120w, https:\/\/byblokhus.com\/wp-content\/uploads\/2018\/12\/tag-free-img-100x100.png 100w\" alt=\"\" width=\"120\" height=\"120\"><\/figure>\n<h5>Bedste tilbud<\/h5>\n<figure><img loading=\"lazy\" decoding=\"async\" src=\"https:\/\/byblokhus.com\/wp-content\/uploads\/2018\/12\/lock-free-img.png\" sizes=\"(max-width: 120px) 100vw, 120px\" srcset=\"https:\/\/byblokhus.com\/wp-content\/uploads\/2018\/12\/lock-free-img.png 120w, https:\/\/byblokhus.com\/wp-content\/uploads\/2018\/12\/lock-free-img-100x100.png 100w\" alt=\"\" width=\"120\" height=\"120\"><\/figure>\n<h5>Sikker betaling.<\/h5>\t\t\t\t\t\t\t\t<\/div>\n\t\t\t\t<\/div>\n\t\t\t\t\t<\/div>\n\t\t<\/div>\n\t\t\t\t\t<\/div>\n\t\t<\/section>\n\t\t\t\t<\/div>\n\t\t","protected":false},"excerpt":{"rendered":"<p>Kontakt Os Sp\u00f8rgsm\u00e5l, Kommentarer?Skriv og vi lytter gerne! Email: kontakt@byblokhus.com Butik: Strandvejen 5a, 9492 Blokhus. Mandag til Fredag 11.00-17.00,&nbsp; L\u00f8rdag 11.00 til 17.30 S\u00f8ndag 11.00-17.30 PS: Vi har skiftende \u00e5bningstider i butikken, men du er altid hjertelig velkommen til at ringe. Mobiltelefon: +45 299 3456 4 Worldwide Shipping It elit tellus, luctus nec ullamcorper mattis, [&hellip;]<\/p>\n","protected":false},"author":1,"featured_media":0,"parent":0,"menu_order":0,"comment_status":"closed","ping_status":"closed","template":"","meta":{"site-sidebar-layout":"no-sidebar","site-content-layout":"page-builder","ast-site-content-layout":"full-width-container","site-content-style":"unboxed","site-sidebar-style":"unboxed","ast-global-header-display":"","ast-banner-title-visibility":"","ast-main-header-display":"","ast-hfb-above-header-display":"","ast-hfb-below-header-display":"","ast-hfb-mobile-header-display":"","site-post-title":"disabled","ast-breadcrumbs-content":"","ast-featured-img":"disabled","footer-sml-layout":"","ast-disable-related-posts":"","theme-transparent-header-meta":"enabled","adv-header-id-meta":"","stick-header-meta":"","header-above-stick-meta":"","header-main-stick-meta":"","header-below-stick-meta":"","astra-migrate-meta-layouts":"set","ast-page-background-enabled":"default","ast-page-background-meta":{"desktop":{"background-color":"","background-image":"","background-repeat":"repeat","background-position":"center center","background-size":"auto","background-attachment":"scroll","background-type":"","background-media":"","overlay-type":"","overlay-color":"","overlay-opacity":"","overlay-gradient":""},"tablet":{"background-color":"","background-image":"","background-repeat":"repeat","background-position":"center center","background-size":"auto","background-attachment":"scroll","background-type":"","background-media":"","overlay-type":"","overlay-color":"","overlay-opacity":"","overlay-gradient":""},"mobile":{"background-color":"","background-image":"","background-repeat":"repeat","background-position":"center center","background-size":"auto","background-attachment":"scroll","background-type":"","background-media":"","overlay-type":"","overlay-color":"","overlay-opacity":"","overlay-gradient":""}},"ast-content-background-meta":{"desktop":{"background-color":"var(--ast-global-color-5)","background-image":"","background-repeat":"repeat","background-position":"center center","background-size":"auto","background-attachment":"scroll","background-type":"","background-media":"","overlay-type":"","overlay-color":"","overlay-opacity":"","overlay-gradient":""},"tablet":{"background-color":"var(--ast-global-color-5)","background-image":"","background-repeat":"repeat","background-position":"center center","background-size":"auto","background-attachment":"scroll","background-type":"","background-media":"","overlay-type":"","overlay-color":"","overlay-opacity":"","overlay-gradient":""},"mobile":{"background-color":"var(--ast-global-color-5)","background-image":"","background-repeat":"repeat","background-position":"center center","background-size":"auto","background-attachment":"scroll","background-type":"","background-media":"","overlay-type":"","overlay-color":"","overlay-opacity":"","overlay-gradient":""}},"footnotes":""},"class_list":["post-414","page","type-page","status-publish","hentry"],"jetpack_sharing_enabled":true,"_links":{"self":[{"href":"https:\/\/byblokhus.com\/index.php?rest_route=\/wp\/v2\/pages\/414","targetHints":{"allow":["GET"]}}],"collection":[{"href":"https:\/\/byblokhus.com\/index.php?rest_route=\/wp\/v2\/pages"}],"about":[{"href":"https:\/\/byblokhus.com\/index.php?rest_route=\/wp\/v2\/types\/page"}],"author":[{"embeddable":true,"href":"https:\/\/byblokhus.com\/index.php?rest_route=\/wp\/v2\/users\/1"}],"replies":[{"embeddable":true,"href":"https:\/\/byblokhus.com\/index.php?rest_route=%2Fwp%2Fv2%2Fcomments&post=414"}],"version-history":[{"count":45,"href":"https:\/\/byblokhus.com\/index.php?rest_route=\/wp\/v2\/pages\/414\/revisions"}],"predecessor-version":[{"id":2669,"href":"https:\/\/byblokhus.com\/index.php?rest_route=\/wp\/v2\/pages\/414\/revisions\/2669"}],"wp:attachment":[{"href":"https:\/\/byblokhus.com\/index.php?rest_route=%2Fwp%2Fv2%2Fmedia&parent=414"}],"curies":[{"name":"wp","href":"https:\/\/api.w.org\/{rel}","templated":true}]}}