{"id":2060,"date":"2025-01-20T15:51:38","date_gmt":"2025-01-20T14:51:38","guid":{"rendered":"https:\/\/byblokhus.com\/?post_type=product&#038;p=2060"},"modified":"2025-11-03T15:29:01","modified_gmt":"2025-11-03T14:29:01","slug":"bluse","status":"publish","type":"product","link":"https:\/\/byblokhus.com\/?product=bluse","title":{"rendered":"Skjorte"},"content":{"rendered":"<p>Skjorten der er asymmetrisk og har har meget god pasform med gode armhuler i elastisk, \u00e5ndbart materiale.\u00a0 Lille krave.\u00a0 Asymmetrisk for og bag super l\u00e6kker under sweater eller alene. En l\u00e6kker bluse der passer s\u00e5 at sige alle.<\/p>\n","protected":false},"excerpt":{"rendered":"<p>Skjorten der er asymmetrisk og har har meget god pasform med gode armhuler i elastisk, \u00e5ndbart materiale.\u00a0 Lille krave.\u00a0 Asymmetrisk for og bag super l\u00e6kker under sweater eller alene. En l\u00e6kker bluse der passer s\u00e5 at sige alle.<\/p>\n","protected":false},"featured_media":1986,"comment_status":"open","ping_status":"closed","template":"","meta":{"site-sidebar-layout":"default","site-content-layout":"","ast-site-content-layout":"default","site-content-style":"default","site-sidebar-style":"default","ast-global-header-display":"","ast-banner-title-visibility":"","ast-main-header-display":"","ast-hfb-above-header-display":"","ast-hfb-below-header-display":"","ast-hfb-mobile-header-display":"","site-post-title":"","ast-breadcrumbs-content":"","ast-featured-img":"","footer-sml-layout":"","ast-disable-related-posts":"","theme-transparent-header-meta":"default","adv-header-id-meta":"","stick-header-meta":"","header-above-stick-meta":"","header-main-stick-meta":"","header-below-stick-meta":"","astra-migrate-meta-layouts":"set","ast-page-background-enabled":"default","ast-page-background-meta":{"desktop":{"background-color":"","background-image":"","background-repeat":"repeat","background-position":"center center","background-size":"auto","background-attachment":"scroll","background-type":"","background-media":"","overlay-type":"","overlay-color":"","overlay-opacity":"","overlay-gradient":""},"tablet":{"background-color":"","background-image":"","background-repeat":"repeat","background-position":"center center","background-size":"auto","background-attachment":"scroll","background-type":"","background-media":"","overlay-type":"","overlay-color":"","overlay-opacity":"","overlay-gradient":""},"mobile":{"background-color":"","background-image":"","background-repeat":"repeat","background-position":"center center","background-size":"auto","background-attachment":"scroll","background-type":"","background-media":"","overlay-type":"","overlay-color":"","overlay-opacity":"","overlay-gradient":""}},"ast-content-background-meta":{"desktop":{"background-color":"var(--ast-global-color-5)","background-image":"","background-repeat":"repeat","background-position":"center center","background-size":"auto","background-attachment":"scroll","background-type":"","background-media":"","overlay-type":"","overlay-color":"","overlay-opacity":"","overlay-gradient":""},"tablet":{"background-color":"var(--ast-global-color-5)","background-image":"","background-repeat":"repeat","background-position":"center center","background-size":"auto","background-attachment":"scroll","background-type":"","background-media":"","overlay-type":"","overlay-color":"","overlay-opacity":"","overlay-gradient":""},"mobile":{"background-color":"var(--ast-global-color-5)","background-image":"","background-repeat":"repeat","background-position":"center center","background-size":"auto","background-attachment":"scroll","background-type":"","background-media":"","overlay-type":"","overlay-color":"","overlay-opacity":"","overlay-gradient":""}}},"product_brand":[],"product_cat":[60,20],"product_tag":[91,96,97],"class_list":{"0":"post-2060","1":"product","2":"type-product","3":"status-publish","4":"has-post-thumbnail","6":"product_cat-size","7":"product_cat-dame","8":"product_tag-size","9":"product_tag-bluse","10":"product_tag-skjorte","11":"pa_farve-hvid","12":"pa_farve-sort","13":"pa_plus-stoerrelser-plus-size-1","14":"pa_plus-stoerrelser-plus-size-2","15":"pa_plus-stoerrelser-plus-size-3","16":"desktop-align-left","17":"tablet-align-left","18":"mobile-align-left","20":"first","21":"instock","22":"taxable","23":"shipping-taxable","24":"purchasable","25":"product-type-variable","26":"has-default-attributes"},"jetpack_sharing_enabled":true,"_links":{"self":[{"href":"https:\/\/byblokhus.com\/index.php?rest_route=\/wp\/v2\/product\/2060","targetHints":{"allow":["GET"]}}],"collection":[{"href":"https:\/\/byblokhus.com\/index.php?rest_route=\/wp\/v2\/product"}],"about":[{"href":"https:\/\/byblokhus.com\/index.php?rest_route=\/wp\/v2\/types\/product"}],"replies":[{"embeddable":true,"href":"https:\/\/byblokhus.com\/index.php?rest_route=%2Fwp%2Fv2%2Fcomments&post=2060"}],"version-history":[{"count":3,"href":"https:\/\/byblokhus.com\/index.php?rest_route=\/wp\/v2\/product\/2060\/revisions"}],"predecessor-version":[{"id":2070,"href":"https:\/\/byblokhus.com\/index.php?rest_route=\/wp\/v2\/product\/2060\/revisions\/2070"}],"wp:featuredmedia":[{"embeddable":true,"href":"https:\/\/byblokhus.com\/index.php?rest_route=\/wp\/v2\/media\/1986"}],"wp:attachment":[{"href":"https:\/\/byblokhus.com\/index.php?rest_route=%2Fwp%2Fv2%2Fmedia&parent=2060"}],"wp:term":[{"taxonomy":"product_brand","embeddable":true,"href":"https:\/\/byblokhus.com\/index.php?rest_route=%2Fwp%2Fv2%2Fproduct_brand&post=2060"},{"taxonomy":"product_cat","embeddable":true,"href":"https:\/\/byblokhus.com\/index.php?rest_route=%2Fwp%2Fv2%2Fproduct_cat&post=2060"},{"taxonomy":"product_tag","embeddable":true,"href":"https:\/\/byblokhus.com\/index.php?rest_route=%2Fwp%2Fv2%2Fproduct_tag&post=2060"}],"curies":[{"name":"wp","href":"https:\/\/api.w.org\/{rel}","templated":true}]}}